{"id":154,"date":"2022-09-22T14:38:35","date_gmt":"2022-09-22T14:38:35","guid":{"rendered":"https:\/\/estudiojuridicovaliantearamburu.me\/?page_id=154"},"modified":"2022-12-06T08:21:39","modified_gmt":"2022-12-06T08:21:39","slug":"areas-de-practicas","status":"publish","type":"page","link":"https:\/\/estudiojuridicovaliantearamburu.me\/index.php\/areas-de-practicas\/","title":{"rendered":"\u00c1REAS DE PR\u00c1CTICAS"},"content":{"rendered":"\t\t<div data-elementor-type=\"wp-page\" data-elementor-id=\"154\" class=\"elementor elementor-154\">\n\t\t\t\t\t\t\t\t\t<section data-particle_enable=\"false\" data-particle-mobile-disabled=\"false\" class=\"elementor-section elementor-top-section elementor-element elementor-element-2074ec3 elementor-section-full_width elementor-section-height-min-height elementor-section-items-stretch elementor-section-height-default\" data-id=\"2074ec3\" data-element_type=\"section\" data-settings=\"{&quot;background_background&quot;:&quot;classic&quot;}\">\n\t\t\t\t\t\t<div class=\"elementor-container elementor-column-gap-no\">\n\t\t\t\t\t<div class=\"elementor-column elementor-col-100 elementor-top-column elementor-element elementor-element-91e1259\" data-id=\"91e1259\" data-element_type=\"column\">\n\t\t\t<div class=\"elementor-widget-wrap elementor-element-populated\">\n\t\t\t\t\t\t\t\t<div class=\"elementor-element elementor-element-6d1065b elementor-absolute elementor-widget elementor-widget-image\" data-id=\"6d1065b\" data-element_type=\"widget\" data-settings=\"{&quot;_position&quot;:&quot;absolute&quot;}\" data-widget_type=\"image.default\">\n\t\t\t\t<div class=\"elementor-widget-container\">\n\t\t\t<style>\/*! elementor - v3.6.8 - 27-07-2022 *\/\n.elementor-widget-image{text-align:center}.elementor-widget-image a{display:inline-block}.elementor-widget-image a img[src$=\".svg\"]{width:48px}.elementor-widget-image img{vertical-align:middle;display:inline-block}<\/style>\t\t\t\t\t\t\t\t\t\t\t\t<img loading=\"lazy\" decoding=\"async\" width=\"800\" height=\"806\" src=\"https:\/\/estudiojuridicovaliantearamburu.me\/wp-content\/uploads\/2022\/09\/IMAG-AREAS-DE-PRAC-1016x1024.jpg\" class=\"attachment-large size-large\" alt=\"\" srcset=\"https:\/\/estudiojuridicovaliantearamburu.me\/wp-content\/uploads\/2022\/09\/IMAG-AREAS-DE-PRAC-1016x1024.jpg 1016w, https:\/\/estudiojuridicovaliantearamburu.me\/wp-content\/uploads\/2022\/09\/IMAG-AREAS-DE-PRAC-298x300.jpg 298w, https:\/\/estudiojuridicovaliantearamburu.me\/wp-content\/uploads\/2022\/09\/IMAG-AREAS-DE-PRAC-150x150.jpg 150w, https:\/\/estudiojuridicovaliantearamburu.me\/wp-content\/uploads\/2022\/09\/IMAG-AREAS-DE-PRAC-768x774.jpg 768w, https:\/\/estudiojuridicovaliantearamburu.me\/wp-content\/uploads\/2022\/09\/IMAG-AREAS-DE-PRAC.jpg 1080w\" sizes=\"(max-width: 800px) 100vw, 800px\" \/>\t\t\t\t\t\t\t\t\t\t\t\t\t\t\t<\/div>\n\t\t\t\t<\/div>\n\t\t\t\t<div class=\"elementor-element elementor-element-a12752b elementor-widget__width-initial elementor-widget elementor-widget-heading\" data-id=\"a12752b\" data-element_type=\"widget\" data-widget_type=\"heading.default\">\n\t\t\t\t<div class=\"elementor-widget-container\">\n\t\t\t<style>\/*! elementor - v3.6.8 - 27-07-2022 *\/\n.elementor-heading-title{padding:0;margin:0;line-height:1}.elementor-widget-heading .elementor-heading-title[class*=elementor-size-]>a{color:inherit;font-size:inherit;line-height:inherit}.elementor-widget-heading .elementor-heading-title.elementor-size-small{font-size:15px}.elementor-widget-heading .elementor-heading-title.elementor-size-medium{font-size:19px}.elementor-widget-heading .elementor-heading-title.elementor-size-large{font-size:29px}.elementor-widget-heading .elementor-heading-title.elementor-size-xl{font-size:39px}.elementor-widget-heading .elementor-heading-title.elementor-size-xxl{font-size:59px}<\/style><h2 class=\"elementor-heading-title elementor-size-default\">\u00c1REAS DE PR\u00c1CTICA<\/h2>\t\t<\/div>\n\t\t\t\t<\/div>\n\t\t\t\t<div class=\"elementor-element elementor-element-51602f3 elementor-widget elementor-widget-spacer\" data-id=\"51602f3\" data-element_type=\"widget\" data-widget_type=\"spacer.default\">\n\t\t\t\t<div class=\"elementor-widget-container\">\n\t\t\t<style>\/*! elementor - v3.6.8 - 27-07-2022 *\/\n.e-container.e-container--row .elementor-spacer-inner{width:var(--spacer-size)}.e-container.e-container--column .elementor-spacer-inner,.elementor-column .elementor-spacer-inner{height:var(--spacer-size)}<\/style>\t\t<div class=\"elementor-spacer\">\n\t\t\t<div class=\"elementor-spacer-inner\"><\/div>\n\t\t<\/div>\n\t\t\t\t<\/div>\n\t\t\t\t<\/div>\n\t\t\t\t<div class=\"elementor-element elementor-element-78c9ff1 elementor-widget__width-initial elementor-widget elementor-widget-text-editor\" data-id=\"78c9ff1\" data-element_type=\"widget\" data-widget_type=\"text-editor.default\">\n\t\t\t\t<div class=\"elementor-widget-container\">\n\t\t\t<style>\/*! elementor - v3.6.8 - 27-07-2022 *\/\n.elementor-widget-text-editor.elementor-drop-cap-view-stacked .elementor-drop-cap{background-color:#818a91;color:#fff}.elementor-widget-text-editor.elementor-drop-cap-view-framed .elementor-drop-cap{color:#818a91;border:3px solid;background-color:transparent}.elementor-widget-text-editor:not(.elementor-drop-cap-view-default) .elementor-drop-cap{margin-top:8px}.elementor-widget-text-editor:not(.elementor-drop-cap-view-default) .elementor-drop-cap-letter{width:1em;height:1em}.elementor-widget-text-editor .elementor-drop-cap{float:left;text-align:center;line-height:1;font-size:50px}.elementor-widget-text-editor .elementor-drop-cap-letter{display:inline-block}<\/style>\t\t\t\t<p>Con m\u00e1s de 30 a\u00f1os de experiencia el Estudio Jur\u00eddico Valiante Aramburu asesora y patrocina a sus clientes tanto en Argentina como en el extranjero mediante un trato personalizado y profesional.<\/p>\t\t\t\t\t\t<\/div>\n\t\t\t\t<\/div>\n\t\t\t\t<div class=\"elementor-element elementor-element-d27f87f elementor-widget elementor-widget-spacer\" data-id=\"d27f87f\" data-element_type=\"widget\" data-widget_type=\"spacer.default\">\n\t\t\t\t<div class=\"elementor-widget-container\">\n\t\t\t\t\t<div class=\"elementor-spacer\">\n\t\t\t<div class=\"elementor-spacer-inner\"><\/div>\n\t\t<\/div>\n\t\t\t\t<\/div>\n\t\t\t\t<\/div>\n\t\t\t\t<div class=\"elementor-element elementor-element-eedf468 elementor-widget__width-initial elementor-widget elementor-widget-text-editor\" data-id=\"eedf468\" data-element_type=\"widget\" data-widget_type=\"text-editor.default\">\n\t\t\t\t<div class=\"elementor-widget-container\">\n\t\t\t\t\t\t\t<p>NEGOCIOS INMOBILIARIOS Y NOTARIALES<br \/>EJECUCIONES<br \/>FIDEICOMISO INMOBILIARIO<br \/>PROPIEDAD HORIZONTAL<br \/>SUCESIONES<br \/>DESALOJOS<br \/>DERECHO SOCIETARIO Y SOCIEDADES<br \/>CONCURSOS Y QUIEBRAS<br \/>FUSIONES Y ADQUISICIONES<br \/>DERECHO AMBIENTAL<br \/>DERECHO DEL CONSUMO<br \/>DERECHO ADMINISTRATIVO<br \/>DERECHO DE FAMILIA<br \/>DERECHO LABORAL<br \/>DERECHO PENAL<br \/>DERECHO PENAL ECON\u00d3MICO<br \/>LITIGIOS<br \/>MEDIACIONES<\/p><p>\u00a0<\/p>\t\t\t\t\t\t<\/div>\n\t\t\t\t<\/div>\n\t\t\t\t<div class=\"elementor-element elementor-element-412d1af elementor-widget elementor-widget-spacer\" data-id=\"412d1af\" data-element_type=\"widget\" data-widget_type=\"spacer.default\">\n\t\t\t\t<div class=\"elementor-widget-container\">\n\t\t\t\t\t<div class=\"elementor-spacer\">\n\t\t\t<div class=\"elementor-spacer-inner\"><\/div>\n\t\t<\/div>\n\t\t\t\t<\/div>\n\t\t\t\t<\/div>\n\t\t\t\t<div class=\"elementor-element elementor-element-ead1208 elementor-widget__width-inherit elementor-absolute elementor-widget elementor-widget-text-editor\" data-id=\"ead1208\" data-element_type=\"widget\" data-settings=\"{&quot;_position&quot;:&quot;absolute&quot;}\" data-widget_type=\"text-editor.default\">\n\t\t\t\t<div class=\"elementor-widget-container\">\n\t\t\t\t\t\t\t<p>Jorge L. Valiante Aramburu<\/p>\t\t\t\t\t\t<\/div>\n\t\t\t\t<\/div>\n\t\t\t\t\t<\/div>\n\t\t<\/div>\n\t\t\t\t\t\t\t<\/div>\n\t\t<\/section>\n\t\t\t\t\t\t\t<\/div>\n\t\t","protected":false},"excerpt":{"rendered":"<p>\u00c1REAS DE PR\u00c1CTICA Con m\u00e1s de 30 a\u00f1os de experiencia el Estudio Jur\u00eddico Valiante Aramburu asesora y patrocina a sus clientes tanto en Argentina como en el extranjero mediante un trato personalizado y profesional. NEGOCIOS INMOBILIARIOS Y NOTARIALESEJECUCIONESFIDEICOMISO INMOBILIARIOPROPIEDAD HORIZONTALSUCESIONESDESALOJOSDERECHO SOCIETARIO Y SOCIEDADESCONCURSOS Y QUIEBRASFUSIONES Y ADQUISICIONESDERECHO AMBIENTALDERECHO DEL CONSUMODERECHO ADMINISTRATIVODERECHO DE FAMILIADERECHO LABORALDERECHO PENALDERECHO [&hellip;]<\/p>\n","protected":false},"author":1,"featured_media":0,"parent":0,"menu_order":0,"comment_status":"closed","ping_status":"closed","template":"","meta":{"om_disable_all_campaigns":false,"_monsterinsights_skip_tracking":false,"_monsterinsights_sitenote_active":false,"_monsterinsights_sitenote_note":"","_monsterinsights_sitenote_category":0,"footnotes":""},"class_list":["post-154","page","type-page","status-publish","hentry"],"aioseo_notices":[],"_links":{"self":[{"href":"https:\/\/estudiojuridicovaliantearamburu.me\/index.php\/wp-json\/wp\/v2\/pages\/154"}],"collection":[{"href":"https:\/\/estudiojuridicovaliantearamburu.me\/index.php\/wp-json\/wp\/v2\/pages"}],"about":[{"href":"https:\/\/estudiojuridicovaliantearamburu.me\/index.php\/wp-json\/wp\/v2\/types\/page"}],"author":[{"embeddable":true,"href":"https:\/\/estudiojuridicovaliantearamburu.me\/index.php\/wp-json\/wp\/v2\/users\/1"}],"replies":[{"embeddable":true,"href":"https:\/\/estudiojuridicovaliantearamburu.me\/index.php\/wp-json\/wp\/v2\/comments?post=154"}],"version-history":[{"count":37,"href":"https:\/\/estudiojuridicovaliantearamburu.me\/index.php\/wp-json\/wp\/v2\/pages\/154\/revisions"}],"predecessor-version":[{"id":1158,"href":"https:\/\/estudiojuridicovaliantearamburu.me\/index.php\/wp-json\/wp\/v2\/pages\/154\/revisions\/1158"}],"wp:attachment":[{"href":"https:\/\/estudiojuridicovaliantearamburu.me\/index.php\/wp-json\/wp\/v2\/media?parent=154"}],"curies":[{"name":"wp","href":"https:\/\/api.w.org\/{rel}","templated":true}]}}